{"id":204,"date":"2026-02-10T11:53:32","date_gmt":"2026-02-10T11:53:32","guid":{"rendered":"https:\/\/peccatuccidimammaand5129.live-website.com\/?page_id=204"},"modified":"2026-03-03T16:25:33","modified_gmt":"2026-03-03T16:25:33","slug":"la-storia","status":"publish","type":"page","link":"https:\/\/www.mammaandrea.com\/it\/la-storia\/","title":{"rendered":"La Storia"},"content":{"rendered":"\t\t<div data-elementor-type=\"wp-post\" data-elementor-id=\"204\" class=\"elementor elementor-204\" data-elementor-post-type=\"page\">\n\t\t\t\t<div class=\"elementor-element elementor-element-f1fa1e2 e-flex e-con-boxed e-con e-parent\" data-id=\"f1fa1e2\" data-element_type=\"container\" data-e-type=\"container\" data-settings=\"{&quot;background_background&quot;:&quot;classic&quot;}\">\n\t\t\t\t\t<div class=\"e-con-inner\">\n\t\t<div class=\"elementor-element elementor-element-b26f6f4 e-con-full e-flex e-con e-child\" data-id=\"b26f6f4\" data-element_type=\"container\" data-e-type=\"container\" data-settings=\"{&quot;background_background&quot;:&quot;classic&quot;}\">\n\t\t<div class=\"elementor-element elementor-element-938c57c e-con-full e-flex e-con e-child\" data-id=\"938c57c\" data-element_type=\"container\" data-e-type=\"container\">\n\t\t\t\t<div class=\"elementor-element elementor-element-217d3c6 elementor-widget__width-initial elementor-widget elementor-widget-heading\" data-id=\"217d3c6\" data-element_type=\"widget\" data-e-type=\"widget\" data-widget_type=\"heading.default\">\n\t\t\t\t\t<h2 class=\"elementor-heading-title elementor-size-default\">LA NOSTRA STORIA<\/h2>\t\t\t\t<\/div>\n\t\t\t\t<\/div>\n\t\t\t\t<\/div>\n\t\t\t\t\t<\/div>\n\t\t\t\t<\/div>\n\t\t<div class=\"elementor-element elementor-element-6bb90d5 e-flex e-con-boxed e-con e-parent\" data-id=\"6bb90d5\" data-element_type=\"container\" data-e-type=\"container\" data-settings=\"{&quot;background_background&quot;:&quot;classic&quot;}\">\n\t\t\t\t\t<div class=\"e-con-inner\">\n\t\t<div class=\"elementor-element elementor-element-be3f730 e-con-full e-flex e-con e-child\" data-id=\"be3f730\" data-element_type=\"container\" data-e-type=\"container\">\n\t\t\t\t<div class=\"elementor-element elementor-element-dd68cac elementor-widget__width-initial elementor-widget elementor-widget-heading\" data-id=\"dd68cac\" data-element_type=\"widget\" data-e-type=\"widget\" data-widget_type=\"heading.default\">\n\t\t\t\t\t<h2 class=\"elementor-heading-title elementor-size-default\">Mangiare con gli occhi.<br>Sentire con il cuore.<\/h2>\t\t\t\t<\/div>\n\t\t\t\t<\/div>\n\t\t<div class=\"elementor-element elementor-element-e3cef52 e-con-full e-flex e-con e-child\" data-id=\"e3cef52\" data-element_type=\"container\" data-e-type=\"container\">\n\t\t\t\t<div class=\"elementor-element elementor-element-41355d3 elementor-widget__width-initial elementor-widget elementor-widget-heading\" data-id=\"41355d3\" data-element_type=\"widget\" data-e-type=\"widget\" data-widget_type=\"heading.default\">\n\t\t\t\t\t<h2 class=\"elementor-heading-title elementor-size-default\">Per I Peccatucci di Mamma Andrea la bellezza non \u00e8 un dettaglio, ma un ingrediente essenziale.<br><br>Ogni creazione nasce dal desiderio di unire gusto, arte e natura in un equilibrio perfetto.<br><br>\u00c8 l\u2019espressione di una Sicilia autentica e raffinata, dove la tradizione incontra il design, e l\u2019artigianalit\u00e0 diventa esperienza sensoriale.<br><br>\u201cMangiare con gli occhi\u201d significa trasformare ogni prodotto in un racconto di luce, colore e armonia.<\/h2>\t\t\t\t<\/div>\n\t\t\t\t<\/div>\n\t\t\t\t\t<\/div>\n\t\t\t\t<\/div>\n\t\t<div class=\"elementor-element elementor-element-7020f19 e-con-full e-flex e-con e-parent\" data-id=\"7020f19\" data-element_type=\"container\" data-e-type=\"container\" data-settings=\"{&quot;background_background&quot;:&quot;classic&quot;}\">\n\t\t<div class=\"elementor-element elementor-element-a275675 e-con-full e-flex e-con e-child\" data-id=\"a275675\" data-element_type=\"container\" data-e-type=\"container\" data-settings=\"{&quot;background_background&quot;:&quot;classic&quot;}\">\n\t\t\t\t<div class=\"elementor-element elementor-element-bcd420e elementor-widget elementor-widget-image\" data-id=\"bcd420e\" data-element_type=\"widget\" data-e-type=\"widget\" data-widget_type=\"image.default\">\n\t\t\t\t\t\t\t\t\t\t\t\t\t\t\t<img fetchpriority=\"high\" decoding=\"async\" width=\"1422\" height=\"1182\" src=\"https:\/\/www.mammaandrea.com\/wp-content\/uploads\/2026\/02\/RITRATTO-ANDREA.jpg\" class=\"attachment-full size-full wp-image-206\" alt=\"\" srcset=\"https:\/\/www.mammaandrea.com\/wp-content\/uploads\/2026\/02\/RITRATTO-ANDREA.jpg 1422w, https:\/\/www.mammaandrea.com\/wp-content\/uploads\/2026\/02\/RITRATTO-ANDREA-300x249.jpg 300w, https:\/\/www.mammaandrea.com\/wp-content\/uploads\/2026\/02\/RITRATTO-ANDREA-1024x851.jpg 1024w, https:\/\/www.mammaandrea.com\/wp-content\/uploads\/2026\/02\/RITRATTO-ANDREA-768x638.jpg 768w\" sizes=\"(max-width: 1422px) 100vw, 1422px\" \/>\t\t\t\t\t\t\t\t\t\t\t\t\t\t\t<\/div>\n\t\t\t\t<\/div>\n\t\t<div class=\"elementor-element elementor-element-3df198c e-flex e-con-boxed e-con e-child\" data-id=\"3df198c\" data-element_type=\"container\" data-e-type=\"container\">\n\t\t\t\t\t<div class=\"e-con-inner\">\n\t\t\t\t<div class=\"elementor-element elementor-element-9fa41ec elementor-widget__width-initial elementor-widget elementor-widget-heading\" data-id=\"9fa41ec\" data-element_type=\"widget\" data-e-type=\"widget\" data-widget_type=\"heading.default\">\n\t\t\t\t\t<h2 class=\"elementor-heading-title elementor-size-default\">le origini<\/h2>\t\t\t\t<\/div>\n\t\t\t\t<div class=\"elementor-element elementor-element-e32578f elementor-widget-divider--view-line elementor-widget elementor-widget-divider\" data-id=\"e32578f\" data-element_type=\"widget\" data-e-type=\"widget\" data-widget_type=\"divider.default\">\n\t\t\t\t\t\t\t<div class=\"elementor-divider\">\n\t\t\t<span class=\"elementor-divider-separator\">\n\t\t\t\t\t\t<\/span>\n\t\t<\/div>\n\t\t\t\t\t\t<\/div>\n\t\t\t\t<div class=\"elementor-element elementor-element-61e5ed3 elementor-widget__width-initial elementor-widget elementor-widget-heading\" data-id=\"61e5ed3\" data-element_type=\"widget\" data-e-type=\"widget\" data-widget_type=\"heading.default\">\n\t\t\t\t\t<h2 class=\"elementor-heading-title elementor-size-default\">Dalla scenografia al laboratorio del gusto<\/h2>\t\t\t\t<\/div>\n\t\t\t\t<div class=\"elementor-element elementor-element-47e8d86 elementor-widget__width-initial elementor-widget elementor-widget-heading\" data-id=\"47e8d86\" data-element_type=\"widget\" data-e-type=\"widget\" data-widget_type=\"heading.default\">\n\t\t\t\t\t<h2 class=\"elementor-heading-title elementor-size-default\">Negli anni \u201970, Andreina De Cesare lascia Roma, dove lavora come costumista teatrale, per la Sicilia.\nLa sua creativit\u00e0 incontra il mondo dei dolci in modo inaspettato: una torta scenografica, una cena di Capodanno, un imprenditore curioso \u2014 e nasce cos\u00ec il primo ordine che d\u00e0 origine ai Peccatucci di Mamma Andrea.\nDalla veranda di casa, Andreina trasforma il suo talento per il bello e il buono in un\u2019arte: <b>raccontare emozioni attraverso il sapore<\/b>.\n<\/h2>\t\t\t\t<\/div>\n\t\t\t\t\t<\/div>\n\t\t\t\t<\/div>\n\t\t\t\t<\/div>\n\t\t<div class=\"elementor-element elementor-element-c74b8c7 e-flex e-con-boxed e-con e-parent\" data-id=\"c74b8c7\" data-element_type=\"container\" data-e-type=\"container\" data-settings=\"{&quot;background_background&quot;:&quot;classic&quot;}\">\n\t\t\t\t\t<div class=\"e-con-inner\">\n\t\t<div class=\"elementor-element elementor-element-9ad883e e-con-full e-flex e-con e-child\" data-id=\"9ad883e\" data-element_type=\"container\" data-e-type=\"container\">\n\t\t\t\t<div class=\"elementor-element elementor-element-a851782 elementor-widget__width-initial elementor-widget elementor-widget-heading\" data-id=\"a851782\" data-element_type=\"widget\" data-e-type=\"widget\" data-widget_type=\"heading.default\">\n\t\t\t\t\t<h2 class=\"elementor-heading-title elementor-size-default\">\u201cMentre ancora riflettevo su cosa avrei fatto\nda grande, fui invitata ad una cena di\nCapodanno a casa di amici. Feci una torta\nscenografica, di grande effetto, che riscosse\nun successo incredibile. Tra gli invitati c'era\nun ricco imprenditore che mi fece una\nproposta: avrebbe comprato ben 100 di tutti\ni dolci che sarei stata capace di proporgli.\nAccettai. Cominciai a lavorare nella veranda\ndi casa mia: ne inventai ben 47 tipi e lui fu di\nparola, li acquist\u00f2 tutti. Erano nati cos\u00ec I\nPeccatucci di Mamma Andrea.\u201d<\/h2>\t\t\t\t<\/div>\n\t\t\t\t<\/div>\n\t\t\t\t\t<\/div>\n\t\t\t\t<\/div>\n\t\t<div class=\"elementor-element elementor-element-d1c1fac e-con-full e-flex e-con e-parent\" data-id=\"d1c1fac\" data-element_type=\"container\" data-e-type=\"container\" data-settings=\"{&quot;background_background&quot;:&quot;classic&quot;}\">\n\t\t<div class=\"elementor-element elementor-element-94377f2 e-con-full e-flex e-con e-child\" data-id=\"94377f2\" data-element_type=\"container\" data-e-type=\"container\">\n\t\t\t\t<div class=\"elementor-element elementor-element-71ed1bc elementor-widget__width-initial elementor-widget elementor-widget-heading\" data-id=\"71ed1bc\" data-element_type=\"widget\" data-e-type=\"widget\" data-widget_type=\"heading.default\">\n\t\t\t\t\t<h2 class=\"elementor-heading-title elementor-size-default\">l'atelier del gusto<\/h2>\t\t\t\t<\/div>\n\t\t\t\t<div class=\"elementor-element elementor-element-dd2455d elementor-widget-divider--view-line elementor-widget elementor-widget-divider\" data-id=\"dd2455d\" data-element_type=\"widget\" data-e-type=\"widget\" data-widget_type=\"divider.default\">\n\t\t\t\t\t\t\t<div class=\"elementor-divider\">\n\t\t\t<span class=\"elementor-divider-separator\">\n\t\t\t\t\t\t<\/span>\n\t\t<\/div>\n\t\t\t\t\t\t<\/div>\n\t\t\t\t<div class=\"elementor-element elementor-element-63cd653 elementor-widget__width-initial elementor-widget elementor-widget-text-editor\" data-id=\"63cd653\" data-element_type=\"widget\" data-e-type=\"widget\" data-widget_type=\"text-editor.default\">\n\t\t\t\t\t\t\t\t\t<p><span style=\"font-weight: 400;\">Il laboratorio cresce, il negozio prende vita, e con esso un nuovo modo di intendere la pasticceria.<\/span><\/p><p><span style=\"font-weight: 400;\">Andreina fonde la sensibilit\u00e0 del teatro con l\u2019amore per la tradizione dolciaria siciliana.<\/span><\/p><p><span style=\"font-weight: 400;\">Ogni dolce \u00e8 una piccola scenografia: un equilibrio di profumi, colori e consistenze.<\/span><\/p><p><span style=\"font-weight: 400;\">Grazie al contributo delle nobil donne che tramandano le ricette antiche nel laboratorio della signora Andreina, comincia un lavoro fatto di attenzione e conservazione dei gusti e dei sapori.<\/span><\/p><p><span style=\"font-weight: 400;\">Le confezioni \u2014 un tempo dipinte a mano, oggi realizzate con carte pregiate \u2014 diventano parte dell\u2019esperienza, simbolo di <\/span><b>un brand che \u201csi assapora anche con gli occhi.\u201d<\/b><\/p><p><span style=\"font-weight: 400;\">Nulla \u00e8 lasciato al caso: ogni dettaglio \u00e8 un atto d\u2019amore verso la Sicilia e i suoi sapori.<\/span><\/p>\t\t\t\t\t\t\t\t<\/div>\n\t\t\t\t<\/div>\n\t\t\t\t<\/div>\n\t\t<div class=\"elementor-element elementor-element-0520419 e-flex e-con-boxed e-con e-parent\" data-id=\"0520419\" data-element_type=\"container\" data-e-type=\"container\" data-settings=\"{&quot;background_background&quot;:&quot;classic&quot;}\">\n\t\t\t\t\t<div class=\"e-con-inner\">\n\t\t<div class=\"elementor-element elementor-element-72d7d1c e-con-full e-flex e-con e-child\" data-id=\"72d7d1c\" data-element_type=\"container\" data-e-type=\"container\" data-settings=\"{&quot;background_background&quot;:&quot;classic&quot;}\">\n\t\t<div class=\"elementor-element elementor-element-ab8ba0e e-con-full e-flex e-con e-child\" data-id=\"ab8ba0e\" data-element_type=\"container\" data-e-type=\"container\">\n\t\t\t\t<div class=\"elementor-element elementor-element-4991eef elementor-widget elementor-widget-heading\" data-id=\"4991eef\" data-element_type=\"widget\" data-e-type=\"widget\" data-widget_type=\"heading.default\">\n\t\t\t\t\t<h2 class=\"elementor-heading-title elementor-size-default\">tradizione e innovazione<\/h2>\t\t\t\t<\/div>\n\t\t\t\t<div class=\"elementor-element elementor-element-22b58f9 elementor-widget__width-initial elementor-widget elementor-widget-heading\" data-id=\"22b58f9\" data-element_type=\"widget\" data-e-type=\"widget\" data-widget_type=\"heading.default\">\n\t\t\t\t\t<h2 class=\"elementor-heading-title elementor-size-default\">Peccatucci di Mamma Andrea \u00e8 un laboratorio di continua ricerca.\nDalle ricette delle nonne alle nuove collezioni di liquori, conserve salate e marmellate, ogni prodotto nasce dal rispetto dei ritmi naturali e dalla passione per la sperimentazione.\nLa filosofia \u00e8 semplice: innovare senza tradire la tradizione.\nLe materie prime, per oltre l\u201980% a km zero, vengono lavorate entro 24 ore dalla raccolta per preservare profumo e autenticit\u00e0.\nUna dolcezza che nasce dalla terra, lavorata con cura e rispetto.\n<\/h2>\t\t\t\t<\/div>\n\t\t\t\t<\/div>\n\t\t\t\t<\/div>\n\t\t\t\t\t<\/div>\n\t\t\t\t<\/div>\n\t\t<div class=\"elementor-element elementor-element-ecc9f32 e-flex e-con-boxed e-con e-parent\" data-id=\"ecc9f32\" data-element_type=\"container\" data-e-type=\"container\" data-settings=\"{&quot;background_background&quot;:&quot;classic&quot;}\">\n\t\t\t\t\t<div class=\"e-con-inner\">\n\t\t<div class=\"elementor-element elementor-element-35a18d3 e-con-full e-flex e-con e-child\" data-id=\"35a18d3\" data-element_type=\"container\" data-e-type=\"container\">\n\t\t\t\t<div class=\"elementor-element elementor-element-1265912 elementor-widget__width-initial elementor-widget elementor-widget-heading\" data-id=\"1265912\" data-element_type=\"widget\" data-e-type=\"widget\" data-widget_type=\"heading.default\">\n\t\t\t\t\t<h2 class=\"elementor-heading-title elementor-size-default\">\u201cLa mia creativit\u00e0\ne passione per i sapori di una volta mi hanno suggerito di recuperare i frutti perduti della tradizione\nculinaria della cucina sarda e siciliana come le lumie e il gelso nero. Era come fare un salto indietro\nnel tempo: le anziane della citt\u00e0 venivano in negozio per svelare le loro ricette, desiderose di\nrivivere la dolcezza della loro infanzia\".<\/h2>\t\t\t\t<\/div>\n\t\t\t\t<\/div>\n\t\t\t\t\t<\/div>\n\t\t\t\t<\/div>\n\t\t<div class=\"elementor-element elementor-element-7eae312 e-con-full e-flex e-con e-parent\" data-id=\"7eae312\" data-element_type=\"container\" data-e-type=\"container\" data-settings=\"{&quot;background_background&quot;:&quot;classic&quot;}\">\n\t\t<div class=\"elementor-element elementor-element-62e1cd9 e-con-full e-flex e-con e-child\" data-id=\"62e1cd9\" data-element_type=\"container\" data-e-type=\"container\" data-settings=\"{&quot;background_background&quot;:&quot;classic&quot;}\">\n\t\t\t\t<div class=\"elementor-element elementor-element-826fb54 elementor-widget elementor-widget-image\" data-id=\"826fb54\" data-element_type=\"widget\" data-e-type=\"widget\" data-widget_type=\"image.default\">\n\t\t\t\t\t\t\t\t\t\t\t\t\t\t\t<img decoding=\"async\" width=\"1707\" height=\"2560\" src=\"https:\/\/www.mammaandrea.com\/wp-content\/uploads\/2026\/02\/031-scaled.jpg\" class=\"attachment-full size-full wp-image-208\" alt=\"\" srcset=\"https:\/\/www.mammaandrea.com\/wp-content\/uploads\/2026\/02\/031-scaled.jpg 1707w, https:\/\/www.mammaandrea.com\/wp-content\/uploads\/2026\/02\/031-200x300.jpg 200w, https:\/\/www.mammaandrea.com\/wp-content\/uploads\/2026\/02\/031-683x1024.jpg 683w, https:\/\/www.mammaandrea.com\/wp-content\/uploads\/2026\/02\/031-768x1152.jpg 768w, https:\/\/www.mammaandrea.com\/wp-content\/uploads\/2026\/02\/031-1024x1536.jpg 1024w, https:\/\/www.mammaandrea.com\/wp-content\/uploads\/2026\/02\/031-1365x2048.jpg 1365w\" sizes=\"(max-width: 1707px) 100vw, 1707px\" \/>\t\t\t\t\t\t\t\t\t\t\t\t\t\t\t<\/div>\n\t\t\t\t<\/div>\n\t\t<div class=\"elementor-element elementor-element-03568c4 e-flex e-con-boxed e-con e-child\" data-id=\"03568c4\" data-element_type=\"container\" data-e-type=\"container\">\n\t\t\t\t\t<div class=\"e-con-inner\">\n\t\t\t\t<div class=\"elementor-element elementor-element-d1c6db6 elementor-widget__width-initial elementor-widget elementor-widget-heading\" data-id=\"d1c6db6\" data-element_type=\"widget\" data-e-type=\"widget\" data-widget_type=\"heading.default\">\n\t\t\t\t\t<h2 class=\"elementor-heading-title elementor-size-default\">LA SICILIA COME ISPIRAZIONE<\/h2>\t\t\t\t<\/div>\n\t\t\t\t<div class=\"elementor-element elementor-element-d3f003f elementor-widget-divider--view-line elementor-widget elementor-widget-divider\" data-id=\"d3f003f\" data-element_type=\"widget\" data-e-type=\"widget\" data-widget_type=\"divider.default\">\n\t\t\t\t\t\t\t<div class=\"elementor-divider\">\n\t\t\t<span class=\"elementor-divider-separator\">\n\t\t\t\t\t\t<\/span>\n\t\t<\/div>\n\t\t\t\t\t\t<\/div>\n\t\t\t\t<div class=\"elementor-element elementor-element-ad72635 elementor-widget__width-initial elementor-widget elementor-widget-heading\" data-id=\"ad72635\" data-element_type=\"widget\" data-e-type=\"widget\" data-widget_type=\"heading.default\">\n\t\t\t\t\t<h2 class=\"elementor-heading-title elementor-size-default\">DOLCI, CONSERVE E PROFUMI CHE RACCONTANO UN'ISOLA<\/h2>\t\t\t\t<\/div>\n\t\t\t\t<div class=\"elementor-element elementor-element-785f5ec elementor-widget__width-initial elementor-widget elementor-widget-heading\" data-id=\"785f5ec\" data-element_type=\"widget\" data-e-type=\"widget\" data-widget_type=\"heading.default\">\n\t\t\t\t\t<h2 class=\"elementor-heading-title elementor-size-default\">La Sicilia \u00e8 pi\u00f9 di un luogo: \u00e8 un\u2019anima, un colore, un profumo che ritorna in ogni creazione.\nTra agrumi, mandorle, miele e spezie, ogni \u201cpeccatuccio\u201d racconta un frammento di isola.\n\u00c8 un omaggio alla ricchezza agricola e culturale del territorio, interpretata con eleganza contemporanea.\nNei nostri prodotti si sente il sole, il mare e la lentezza di chi ama fare le cose bene.<\/h2>\t\t\t\t<\/div>\n\t\t\t\t\t<\/div>\n\t\t\t\t<\/div>\n\t\t\t\t<\/div>\n\t\t<div class=\"elementor-element elementor-element-b07f596 e-flex e-con-boxed e-con e-parent\" data-id=\"b07f596\" data-element_type=\"container\" data-e-type=\"container\" data-settings=\"{&quot;background_background&quot;:&quot;classic&quot;}\">\n\t\t\t\t\t<div class=\"e-con-inner\">\n\t\t<div class=\"elementor-element elementor-element-6cc99b7 e-con-full e-flex e-con e-child\" data-id=\"6cc99b7\" data-element_type=\"container\" data-e-type=\"container\" data-settings=\"{&quot;background_background&quot;:&quot;classic&quot;}\">\n\t\t<div class=\"elementor-element elementor-element-38b8178 e-con-full e-flex e-con e-child\" data-id=\"38b8178\" data-element_type=\"container\" data-e-type=\"container\">\n\t\t\t\t<div class=\"elementor-element elementor-element-9da765c elementor-widget elementor-widget-heading\" data-id=\"9da765c\" data-element_type=\"widget\" data-e-type=\"widget\" data-widget_type=\"heading.default\">\n\t\t\t\t\t<h2 class=\"elementor-heading-title elementor-size-default\">OGGI<\/h2>\t\t\t\t<\/div>\n\t\t\t\t<div class=\"elementor-element elementor-element-7116d5e elementor-widget__width-initial elementor-widget elementor-widget-heading\" data-id=\"7116d5e\" data-element_type=\"widget\" data-e-type=\"widget\" data-widget_type=\"heading.default\">\n\t\t\t\t\t<h2 class=\"elementor-heading-title elementor-size-default\">Oggi Peccatucci di Mamma Andrea \u00e8 un laboratorio contemporaneo che coniuga tradizione, arte e sostenibilit\u00e0.\nUnisce il sapere artigianale a una visione internazionale, parlando al mondo attraverso l\u2019estetica e la qualit\u00e0 del Made in Sicily.\nOgni creazione \u00e8 il risultato di un percorso consapevole, che valorizza le persone, la natura e la bellezza come forma di cultura.\n\u00c8 cos\u00ec che, giorno dopo giorno, Mamma Andrea continua a \u201cmangiare con gli occhi\u201d \u2014 e a far sognare con il gusto.\n<\/h2>\t\t\t\t<\/div>\n\t\t\t\t<\/div>\n\t\t\t\t<\/div>\n\t\t\t\t\t<\/div>\n\t\t\t\t<\/div>\n\t\t<div class=\"elementor-element elementor-element-cf34c7d e-flex e-con-boxed e-con e-parent\" data-id=\"cf34c7d\" data-element_type=\"container\" data-e-type=\"container\" data-settings=\"{&quot;background_background&quot;:&quot;classic&quot;}\">\n\t\t\t\t\t<div class=\"e-con-inner\">\n\t\t<div class=\"elementor-element elementor-element-c0e68d1 e-con-full e-flex e-con e-child\" data-id=\"c0e68d1\" data-element_type=\"container\" data-e-type=\"container\" data-settings=\"{&quot;background_background&quot;:&quot;classic&quot;}\">\n\t\t<div class=\"elementor-element elementor-element-b6966dc e-con-full e-flex e-con e-child\" data-id=\"b6966dc\" data-element_type=\"container\" data-e-type=\"container\">\n\t\t\t\t<div class=\"elementor-element elementor-element-51b023e elementor-widget elementor-widget-image\" data-id=\"51b023e\" data-element_type=\"widget\" data-e-type=\"widget\" data-widget_type=\"image.default\">\n\t\t\t\t\t\t\t\t\t\t\t\t\t\t\t<img decoding=\"async\" width=\"787\" height=\"329\" src=\"https:\/\/www.mammaandrea.com\/wp-content\/uploads\/2026\/01\/Logo-Peccatucci-di-Mamma-Andrea.svg\" class=\"attachment-large size-large wp-image-27\" alt=\"\" \/>\t\t\t\t\t\t\t\t\t\t\t\t\t\t\t<\/div>\n\t\t\t\t<div class=\"elementor-element elementor-element-ff5ef7b elementor-widget elementor-widget-heading\" data-id=\"ff5ef7b\" data-element_type=\"widget\" data-e-type=\"widget\" data-widget_type=\"heading.default\">\n\t\t\t\t\t<h2 class=\"elementor-heading-title elementor-size-default\">ACQUISTA ONLINE<\/h2>\t\t\t\t<\/div>\n\t\t\t\t<div class=\"elementor-element elementor-element-d28ad4b elementor-align-center elementor-widget elementor-widget-button\" data-id=\"d28ad4b\" data-element_type=\"widget\" data-e-type=\"widget\" data-widget_type=\"button.default\">\n\t\t\t\t\t\t\t\t\t\t<a class=\"elementor-button elementor-button-link elementor-size-sm\" href=\"https:\/\/shop.mammaandrea.com\/\" target=\"_blank\">\n\t\t\t\t\t\t<span class=\"elementor-button-content-wrapper\">\n\t\t\t\t\t\t\t\t\t<span class=\"elementor-button-text\">VAI ALLO SHOP<\/span>\n\t\t\t\t\t<\/span>\n\t\t\t\t\t<\/a>\n\t\t\t\t\t\t\t\t<\/div>\n\t\t\t\t<\/div>\n\t\t\t\t<\/div>\n\t\t\t\t\t<\/div>\n\t\t\t\t<\/div>\n\t\t\t\t<\/div>\n\t\t","protected":false},"excerpt":{"rendered":"<p>LA NOSTRA STORIA Mangiare con gli occhi.Sentire con il cuore. Per I Peccatucci di Mamma Andrea la bellezza non \u00e8 un dettaglio, ma un ingrediente essenziale. Ogni creazione nasce dal desiderio di unire gusto, arte e natura in un equilibrio perfetto. \u00c8 l\u2019espressione di una Sicilia autentica e raffinata, dove la tradizione incontra il design, [&hellip;]<\/p>\n","protected":false},"author":1,"featured_media":0,"parent":0,"menu_order":0,"comment_status":"closed","ping_status":"closed","template":"elementor_header_footer","meta":{"footnotes":""},"class_list":["post-204","page","type-page","status-publish","hentry"],"_links":{"self":[{"href":"https:\/\/www.mammaandrea.com\/it\/wp-json\/wp\/v2\/pages\/204","targetHints":{"allow":["GET"]}}],"collection":[{"href":"https:\/\/www.mammaandrea.com\/it\/wp-json\/wp\/v2\/pages"}],"about":[{"href":"https:\/\/www.mammaandrea.com\/it\/wp-json\/wp\/v2\/types\/page"}],"author":[{"embeddable":true,"href":"https:\/\/www.mammaandrea.com\/it\/wp-json\/wp\/v2\/users\/1"}],"replies":[{"embeddable":true,"href":"https:\/\/www.mammaandrea.com\/it\/wp-json\/wp\/v2\/comments?post=204"}],"version-history":[{"count":28,"href":"https:\/\/www.mammaandrea.com\/it\/wp-json\/wp\/v2\/pages\/204\/revisions"}],"predecessor-version":[{"id":396,"href":"https:\/\/www.mammaandrea.com\/it\/wp-json\/wp\/v2\/pages\/204\/revisions\/396"}],"wp:attachment":[{"href":"https:\/\/www.mammaandrea.com\/it\/wp-json\/wp\/v2\/media?parent=204"}],"curies":[{"name":"wp","href":"https:\/\/api.w.org\/{rel}","templated":true}]}}