{"id":144,"date":"2026-01-30T11:57:21","date_gmt":"2026-01-30T11:57:21","guid":{"rendered":"https:\/\/peccatuccidimammaand5129.live-website.com\/?page_id=144"},"modified":"2026-03-06T15:08:48","modified_gmt":"2026-03-06T15:08:48","slug":"materie-prime-e-territorio","status":"publish","type":"page","link":"https:\/\/www.mammaandrea.com\/it\/materie-prime-e-territorio\/","title":{"rendered":"Materie Prime e Territorio"},"content":{"rendered":"\t\t<div data-elementor-type=\"wp-post\" data-elementor-id=\"144\" class=\"elementor elementor-144\" data-elementor-post-type=\"page\">\n\t\t\t\t<div class=\"elementor-element elementor-element-e5cc59b e-flex e-con-boxed e-con e-parent\" data-id=\"e5cc59b\" data-element_type=\"container\" data-e-type=\"container\" data-settings=\"{&quot;background_background&quot;:&quot;classic&quot;}\">\n\t\t\t\t\t<div class=\"e-con-inner\">\n\t\t<div class=\"elementor-element elementor-element-da3bba0 e-con-full e-flex e-con e-child\" data-id=\"da3bba0\" data-element_type=\"container\" data-e-type=\"container\" data-settings=\"{&quot;background_background&quot;:&quot;classic&quot;}\">\n\t\t<div class=\"elementor-element elementor-element-a548a16 e-con-full e-flex e-con e-child\" data-id=\"a548a16\" data-element_type=\"container\" data-e-type=\"container\">\n\t\t\t\t<div class=\"elementor-element elementor-element-b933bac elementor-widget__width-initial elementor-widget elementor-widget-heading\" data-id=\"b933bac\" data-element_type=\"widget\" data-e-type=\"widget\" data-widget_type=\"heading.default\">\n\t\t\t\t\t<h2 class=\"elementor-heading-title elementor-size-default\">TERRITORIO E MATERIE PRIME\n<\/h2>\t\t\t\t<\/div>\n\t\t\t\t<\/div>\n\t\t\t\t<\/div>\n\t\t\t\t\t<\/div>\n\t\t\t\t<\/div>\n\t\t<div class=\"elementor-element elementor-element-1fdaf4d e-flex e-con-boxed e-con e-parent\" data-id=\"1fdaf4d\" data-element_type=\"container\" data-e-type=\"container\" data-settings=\"{&quot;background_background&quot;:&quot;classic&quot;}\">\n\t\t\t\t\t<div class=\"e-con-inner\">\n\t\t<div class=\"elementor-element elementor-element-39886eb e-con-full e-flex e-con e-child\" data-id=\"39886eb\" data-element_type=\"container\" data-e-type=\"container\">\n\t\t\t\t<div class=\"elementor-element elementor-element-dd68cac elementor-widget__width-initial elementor-widget elementor-widget-heading\" data-id=\"dd68cac\" data-element_type=\"widget\" data-e-type=\"widget\" data-widget_type=\"heading.default\">\n\t\t\t\t\t<h2 class=\"elementor-heading-title elementor-size-default\">L\u00e0 dove il mare incontra la terra e la terra si fa dolcezza<\/h2>\t\t\t\t<\/div>\n\t\t\t\t<\/div>\n\t\t<div class=\"elementor-element elementor-element-b13353f e-con-full e-flex e-con e-child\" data-id=\"b13353f\" data-element_type=\"container\" data-e-type=\"container\">\n\t\t\t\t<div class=\"elementor-element elementor-element-f5038fb elementor-widget__width-initial elementor-widget elementor-widget-heading\" data-id=\"f5038fb\" data-element_type=\"widget\" data-e-type=\"widget\" data-widget_type=\"heading.default\">\n\t\t\t\t\t<h2 class=\"elementor-heading-title elementor-size-default\">In Sicilia la natura non \u00e8 solo paesaggio, \u00e8 identit\u00e0.\nQui convivono ambienti che altrove si trovano a migliaia di chilometri di distanza: terre vulcaniche ricche di energia, coste modellate dal vento, altopiani silenziosi, campagne luminose e distese coltivate che raccontano stagioni antiche.\n<br><br>\nQuesta concentrazione di ecosistemi genera una biodiversit\u00e0 straordinaria. Il suolo cambia colore e consistenza nel giro di pochi chilometri, il clima varia tra entroterra e litorale, tra altura e pianura. \u00c8 proprio questa complessit\u00e0 a rendere l\u2019isola un territorio agricolo unico nel suo genere.\n<br><br>\nOgni coltivazione \u00e8 il risultato di un equilibrio delicato tra natura e intervento umano. Ogni raccolto \u00e8 frutto di esperienza tramandata, rispetto dei ritmi stagionali e cura quotidiana. \u00c8 cos\u00ec che il territorio si trasforma in eccellenza, e l\u2019eccellenza diventa racconto.<\/h2>\t\t\t\t<\/div>\n\t\t\t\t<\/div>\n\t\t\t\t\t<\/div>\n\t\t\t\t<\/div>\n\t\t<div class=\"elementor-element elementor-element-2162e14 e-con-full e-flex e-con e-parent\" data-id=\"2162e14\" data-element_type=\"container\" data-e-type=\"container\" data-settings=\"{&quot;background_background&quot;:&quot;classic&quot;}\">\n\t\t<div class=\"elementor-element elementor-element-5e3f4ea e-flex e-con-boxed e-con e-child\" data-id=\"5e3f4ea\" data-element_type=\"container\" data-e-type=\"container\" data-settings=\"{&quot;background_background&quot;:&quot;classic&quot;}\">\n\t\t\t\t\t<div class=\"e-con-inner\">\n\t\t\t\t\t<\/div>\n\t\t\t\t<\/div>\n\t\t<div class=\"elementor-element elementor-element-279676f e-flex e-con-boxed e-con e-child\" data-id=\"279676f\" data-element_type=\"container\" data-e-type=\"container\" data-settings=\"{&quot;background_background&quot;:&quot;classic&quot;}\">\n\t\t\t\t\t<div class=\"e-con-inner\">\n\t\t\t\t\t<\/div>\n\t\t\t\t<\/div>\n\t\t<div class=\"elementor-element elementor-element-e5b85b9 e-flex e-con-boxed e-con e-child\" data-id=\"e5b85b9\" data-element_type=\"container\" data-e-type=\"container\" data-settings=\"{&quot;background_background&quot;:&quot;classic&quot;}\">\n\t\t\t\t\t<div class=\"e-con-inner\">\n\t\t\t\t\t<\/div>\n\t\t\t\t<\/div>\n\t\t\t\t<\/div>\n\t\t<div class=\"elementor-element elementor-element-7020f19 e-con-full e-flex e-con e-parent\" data-id=\"7020f19\" data-element_type=\"container\" data-e-type=\"container\" data-settings=\"{&quot;background_background&quot;:&quot;classic&quot;}\">\n\t\t<div class=\"elementor-element elementor-element-a275675 e-con-full e-flex e-con e-child\" data-id=\"a275675\" data-element_type=\"container\" data-e-type=\"container\" data-settings=\"{&quot;background_background&quot;:&quot;classic&quot;}\">\n\t\t\t\t<div class=\"elementor-element elementor-element-bcd420e elementor-widget elementor-widget-image\" data-id=\"bcd420e\" data-element_type=\"widget\" data-e-type=\"widget\" data-widget_type=\"image.default\">\n\t\t\t\t\t\t\t\t\t\t\t\t\t\t\t<img fetchpriority=\"high\" decoding=\"async\" width=\"1707\" height=\"2560\" src=\"https:\/\/www.mammaandrea.com\/wp-content\/uploads\/2026\/02\/020-scaled.jpg\" class=\"attachment-full size-full wp-image-185\" alt=\"\" srcset=\"https:\/\/www.mammaandrea.com\/wp-content\/uploads\/2026\/02\/020-scaled.jpg 1707w, https:\/\/www.mammaandrea.com\/wp-content\/uploads\/2026\/02\/020-200x300.jpg 200w, https:\/\/www.mammaandrea.com\/wp-content\/uploads\/2026\/02\/020-683x1024.jpg 683w, https:\/\/www.mammaandrea.com\/wp-content\/uploads\/2026\/02\/020-768x1152.jpg 768w, https:\/\/www.mammaandrea.com\/wp-content\/uploads\/2026\/02\/020-1024x1536.jpg 1024w, https:\/\/www.mammaandrea.com\/wp-content\/uploads\/2026\/02\/020-1366x2048.jpg 1366w\" sizes=\"(max-width: 1707px) 100vw, 1707px\" \/>\t\t\t\t\t\t\t\t\t\t\t\t\t\t\t<\/div>\n\t\t\t\t<\/div>\n\t\t<div class=\"elementor-element elementor-element-3df198c e-flex e-con-boxed e-con e-child\" data-id=\"3df198c\" data-element_type=\"container\" data-e-type=\"container\">\n\t\t\t\t\t<div class=\"e-con-inner\">\n\t\t\t\t<div class=\"elementor-element elementor-element-9fa41ec elementor-widget__width-initial elementor-widget elementor-widget-heading\" data-id=\"9fa41ec\" data-element_type=\"widget\" data-e-type=\"widget\" data-widget_type=\"heading.default\">\n\t\t\t\t\t<h2 class=\"elementor-heading-title elementor-size-default\">SAPORI E CULTURE<\/h2>\t\t\t\t<\/div>\n\t\t\t\t<div class=\"elementor-element elementor-element-e32578f elementor-widget-divider--view-line elementor-widget elementor-widget-divider\" data-id=\"e32578f\" data-element_type=\"widget\" data-e-type=\"widget\" data-widget_type=\"divider.default\">\n\t\t\t\t\t\t\t<div class=\"elementor-divider\">\n\t\t\t<span class=\"elementor-divider-separator\">\n\t\t\t\t\t\t<\/span>\n\t\t<\/div>\n\t\t\t\t\t\t<\/div>\n\t\t\t\t<div class=\"elementor-element elementor-element-61e5ed3 elementor-widget__width-initial elementor-widget elementor-widget-heading\" data-id=\"61e5ed3\" data-element_type=\"widget\" data-e-type=\"widget\" data-widget_type=\"heading.default\">\n\t\t\t\t\t<h2 class=\"elementor-heading-title elementor-size-default\">UN PONTE TRA MONDI<\/h2>\t\t\t\t<\/div>\n\t\t\t\t<div class=\"elementor-element elementor-element-47e8d86 elementor-widget__width-initial elementor-widget elementor-widget-heading\" data-id=\"47e8d86\" data-element_type=\"widget\" data-e-type=\"widget\" data-widget_type=\"heading.default\">\n\t\t\t\t\t<h2 class=\"elementor-heading-title elementor-size-default\">Nel cuore del Mediterraneo, la Sicilia \u00e8 da sempre un ponte tra mondi.\nGreci, Arabi, Normanni, Spagnoli e molte altre civilt\u00e0 hanno attraversato quest\u2019isola, lasciando in dono conoscenze, spezie, sapori e visioni.\nMa \u00e8 stato l\u2019incontro con le materie prime locali \u2014 agrumi, mandorle, pistacchi, miele, vino, erbe aromatiche \u2014 a trasformare ogni contaminazione in un atto di creativit\u00e0.\nDa secoli, la cucina siciliana non \u00e8 solo tradizione: \u00e8 fusione, ricerca e identit\u00e0.\nUn patrimonio gastronomico che continua a evolversi, conservando il gusto autentico della memoria e la curiosit\u00e0 verso il futuro.<\/h2>\t\t\t\t<\/div>\n\t\t\t\t\t<\/div>\n\t\t\t\t<\/div>\n\t\t\t\t<\/div>\n\t\t<div class=\"elementor-element elementor-element-d1c1fac e-con-full e-flex e-con e-parent\" data-id=\"d1c1fac\" data-element_type=\"container\" data-e-type=\"container\" data-settings=\"{&quot;background_background&quot;:&quot;classic&quot;}\">\n\t\t<div class=\"elementor-element elementor-element-94377f2 e-con-full e-flex e-con e-child\" data-id=\"94377f2\" data-element_type=\"container\" data-e-type=\"container\">\n\t\t\t\t<div class=\"elementor-element elementor-element-71ed1bc elementor-widget__width-initial elementor-widget elementor-widget-heading\" data-id=\"71ed1bc\" data-element_type=\"widget\" data-e-type=\"widget\" data-widget_type=\"heading.default\">\n\t\t\t\t\t<h2 class=\"elementor-heading-title elementor-size-default\">I TRE VALLI<\/h2>\t\t\t\t<\/div>\n\t\t\t\t<div class=\"elementor-element elementor-element-dd2455d elementor-widget-divider--view-line elementor-widget elementor-widget-divider\" data-id=\"dd2455d\" data-element_type=\"widget\" data-e-type=\"widget\" data-widget_type=\"divider.default\">\n\t\t\t\t\t\t\t<div class=\"elementor-divider\">\n\t\t\t<span class=\"elementor-divider-separator\">\n\t\t\t\t\t\t<\/span>\n\t\t<\/div>\n\t\t\t\t\t\t<\/div>\n\t\t\t\t<div class=\"elementor-element elementor-element-a67b1ea elementor-widget__width-initial elementor-widget elementor-widget-heading\" data-id=\"a67b1ea\" data-element_type=\"widget\" data-e-type=\"widget\" data-widget_type=\"heading.default\">\n\t\t\t\t\t<h2 class=\"elementor-heading-title elementor-size-default\">un\u2019isola di contrasti e armonie<\/h2>\t\t\t\t<\/div>\n\t\t\t\t<div class=\"elementor-element elementor-element-63cd653 elementor-widget__width-initial elementor-widget elementor-widget-text-editor\" data-id=\"63cd653\" data-element_type=\"widget\" data-e-type=\"widget\" data-widget_type=\"text-editor.default\">\n\t\t\t\t\t\t\t\t\t<p>Da secoli la Sicilia \u00e8 divisa in tre antichi \u201cValli\u201d: Val di Noto, Val di Mazara e Val Demone.<\/p><p>Tre anime che racchiudono la storia di dominazioni, culture e paesaggi diversi.<\/p><p>Ogni valle \u00e8 un viaggio sensoriale:\u00a0nei profumi del sud, tra agrumi e fichi d\u2019India;\u00a0nei sapori intensi delle colline interne;\u00a0nei colori profondi delle foreste e dei pascoli del nord.<\/p><p>Un equilibrio di arte, agricoltura e bellezza naturale che continua a ispirare chi vive e crea in questa terra.<\/p>\t\t\t\t\t\t\t\t<\/div>\n\t\t\t\t<\/div>\n\t\t\t\t<\/div>\n\t\t<div class=\"elementor-element elementor-element-0520419 e-flex e-con-boxed e-con e-parent\" data-id=\"0520419\" data-element_type=\"container\" data-e-type=\"container\" data-settings=\"{&quot;background_background&quot;:&quot;classic&quot;}\">\n\t\t\t\t\t<div class=\"e-con-inner\">\n\t\t<div class=\"elementor-element elementor-element-72d7d1c e-con-full e-flex e-con e-child\" data-id=\"72d7d1c\" data-element_type=\"container\" data-e-type=\"container\" data-settings=\"{&quot;background_background&quot;:&quot;classic&quot;}\">\n\t\t<div class=\"elementor-element elementor-element-ab8ba0e e-con-full e-flex e-con e-child\" data-id=\"ab8ba0e\" data-element_type=\"container\" data-e-type=\"container\">\n\t\t\t\t<div class=\"elementor-element elementor-element-4991eef elementor-widget elementor-widget-heading\" data-id=\"4991eef\" data-element_type=\"widget\" data-e-type=\"widget\" data-widget_type=\"heading.default\">\n\t\t\t\t\t<h2 class=\"elementor-heading-title elementor-size-default\">MATERIE<br>PRIME<\/h2>\t\t\t\t<\/div>\n\t\t\t\t<div class=\"elementor-element elementor-element-22b58f9 elementor-widget__width-initial elementor-widget elementor-widget-heading\" data-id=\"22b58f9\" data-element_type=\"widget\" data-e-type=\"widget\" data-widget_type=\"heading.default\">\n\t\t\t\t\t<h2 class=\"elementor-heading-title elementor-size-default\">Ogni creazione di Mamma Andrea nasce dalla terra.\nLa manna delle Madonie, i pistacchi dell\u2019Etna, gli agrumi del Val di Noto, il cioccolato di Modica: materie prime che esprimono l\u2019anima pi\u00f9 vera della Sicilia.\nSono ingredienti che parlano di paesaggi, di stagioni, di gesti antichi.\nDietro ogni \u201cpeccatuccio\u201d ci sono mani che raccolgono, trasformano, custodiscono.\nIn ogni prodotto c\u2019\u00e8 un frammento d\u2019isola, una promessa di sole e autenticit\u00e0.<\/h2>\t\t\t\t<\/div>\n\t\t\t\t<\/div>\n\t\t\t\t<\/div>\n\t\t\t\t\t<\/div>\n\t\t\t\t<\/div>\n\t\t<div class=\"elementor-element elementor-element-7eae312 e-con-full e-flex e-con e-parent\" data-id=\"7eae312\" data-element_type=\"container\" data-e-type=\"container\" data-settings=\"{&quot;background_background&quot;:&quot;classic&quot;}\">\n\t\t<div class=\"elementor-element elementor-element-62e1cd9 e-con-full e-flex e-con e-child\" data-id=\"62e1cd9\" data-element_type=\"container\" data-e-type=\"container\" data-settings=\"{&quot;background_background&quot;:&quot;classic&quot;}\">\n\t\t\t\t<div class=\"elementor-element elementor-element-826fb54 elementor-widget elementor-widget-image\" data-id=\"826fb54\" data-element_type=\"widget\" data-e-type=\"widget\" data-widget_type=\"image.default\">\n\t\t\t\t\t\t\t\t\t\t\t\t\t\t\t<img decoding=\"async\" width=\"1707\" height=\"2560\" src=\"https:\/\/www.mammaandrea.com\/wp-content\/uploads\/2026\/02\/013-scaled.jpg\" class=\"attachment-full size-full wp-image-187\" alt=\"\" srcset=\"https:\/\/www.mammaandrea.com\/wp-content\/uploads\/2026\/02\/013-scaled.jpg 1707w, https:\/\/www.mammaandrea.com\/wp-content\/uploads\/2026\/02\/013-200x300.jpg 200w, https:\/\/www.mammaandrea.com\/wp-content\/uploads\/2026\/02\/013-683x1024.jpg 683w, https:\/\/www.mammaandrea.com\/wp-content\/uploads\/2026\/02\/013-768x1152.jpg 768w, https:\/\/www.mammaandrea.com\/wp-content\/uploads\/2026\/02\/013-1024x1536.jpg 1024w, https:\/\/www.mammaandrea.com\/wp-content\/uploads\/2026\/02\/013-1365x2048.jpg 1365w\" sizes=\"(max-width: 1707px) 100vw, 1707px\" \/>\t\t\t\t\t\t\t\t\t\t\t\t\t\t\t<\/div>\n\t\t\t\t<\/div>\n\t\t<div class=\"elementor-element elementor-element-03568c4 e-flex e-con-boxed e-con e-child\" data-id=\"03568c4\" data-element_type=\"container\" data-e-type=\"container\">\n\t\t\t\t\t<div class=\"e-con-inner\">\n\t\t\t\t<div class=\"elementor-element elementor-element-d1c6db6 elementor-widget__width-initial elementor-widget elementor-widget-heading\" data-id=\"d1c6db6\" data-element_type=\"widget\" data-e-type=\"widget\" data-widget_type=\"heading.default\">\n\t\t\t\t\t<h2 class=\"elementor-heading-title elementor-size-default\">Il legame con Mamma Andrea<\/h2>\t\t\t\t<\/div>\n\t\t\t\t<div class=\"elementor-element elementor-element-d3f003f elementor-widget-divider--view-line elementor-widget elementor-widget-divider\" data-id=\"d3f003f\" data-element_type=\"widget\" data-e-type=\"widget\" data-widget_type=\"divider.default\">\n\t\t\t\t\t\t\t<div class=\"elementor-divider\">\n\t\t\t<span class=\"elementor-divider-separator\">\n\t\t\t\t\t\t<\/span>\n\t\t<\/div>\n\t\t\t\t\t\t<\/div>\n\t\t\t\t<div class=\"elementor-element elementor-element-ad72635 elementor-widget__width-initial elementor-widget elementor-widget-heading\" data-id=\"ad72635\" data-element_type=\"widget\" data-e-type=\"widget\" data-widget_type=\"heading.default\">\n\t\t\t\t\t<h2 class=\"elementor-heading-title elementor-size-default\">Mangiare con gli occhi, respirare la Sicilia<\/h2>\t\t\t\t<\/div>\n\t\t\t\t<div class=\"elementor-element elementor-element-785f5ec elementor-widget__width-initial elementor-widget elementor-widget-heading\" data-id=\"785f5ec\" data-element_type=\"widget\" data-e-type=\"widget\" data-widget_type=\"heading.default\">\n\t\t\t\t\t<h2 class=\"elementor-heading-title elementor-size-default\">\u00c8 da questo straordinario intreccio di natura e cultura che nasce I Peccatucci di Mamma Andrea.\nUn laboratorio artigianale che custodisce l\u2019anima pi\u00f9 autentica della Sicilia e la reinterpreta con eleganza e rispetto.\nDa un lato, recuperiamo antiche ricette e saperi tramandati; dall\u2019altro, esploriamo nuove forme di gusto, ispirati dall\u2019abbondanza di materie prime e dalla ricchezza di contaminazioni culturali.\nOgni creazione \u00e8 un piccolo omaggio a questa terra: un atto d\u2019amore per la Sicilia, per le sue mani, per i suoi sapori.<\/h2>\t\t\t\t<\/div>\n\t\t\t\t\t<\/div>\n\t\t\t\t<\/div>\n\t\t\t\t<\/div>\n\t\t<div class=\"elementor-element elementor-element-ecc9f65 e-flex e-con-boxed e-con e-parent\" data-id=\"ecc9f65\" data-element_type=\"container\" data-e-type=\"container\" data-settings=\"{&quot;background_background&quot;:&quot;classic&quot;}\">\n\t\t\t\t\t<div class=\"e-con-inner\">\n\t\t<div class=\"elementor-element elementor-element-1f36193 e-con-full e-flex e-con e-child\" data-id=\"1f36193\" data-element_type=\"container\" data-e-type=\"container\" data-settings=\"{&quot;background_background&quot;:&quot;classic&quot;}\">\n\t\t<div class=\"elementor-element elementor-element-b0777d0 e-con-full e-flex e-con e-child\" data-id=\"b0777d0\" data-element_type=\"container\" data-e-type=\"container\">\n\t\t\t\t<div class=\"elementor-element elementor-element-d891007 elementor-widget elementor-widget-image\" data-id=\"d891007\" data-element_type=\"widget\" data-e-type=\"widget\" data-widget_type=\"image.default\">\n\t\t\t\t\t\t\t\t\t\t\t\t\t\t\t<img decoding=\"async\" width=\"787\" height=\"329\" src=\"https:\/\/www.mammaandrea.com\/wp-content\/uploads\/2026\/01\/Logo-Peccatucci-di-Mamma-Andrea.svg\" class=\"attachment-large size-large wp-image-27\" alt=\"\" \/>\t\t\t\t\t\t\t\t\t\t\t\t\t\t\t<\/div>\n\t\t\t\t<div class=\"elementor-element elementor-element-471ddc4 elementor-widget elementor-widget-heading\" data-id=\"471ddc4\" data-element_type=\"widget\" data-e-type=\"widget\" data-widget_type=\"heading.default\">\n\t\t\t\t\t<h2 class=\"elementor-heading-title elementor-size-default\">ACQUISTA ONLINE<\/h2>\t\t\t\t<\/div>\n\t\t\t\t<div class=\"elementor-element elementor-element-843da6f elementor-align-center elementor-widget elementor-widget-button\" data-id=\"843da6f\" data-element_type=\"widget\" data-e-type=\"widget\" data-widget_type=\"button.default\">\n\t\t\t\t\t\t\t\t\t\t<a class=\"elementor-button elementor-button-link elementor-size-sm\" href=\"https:\/\/shop.mammaandrea.com\/\" target=\"_blank\">\n\t\t\t\t\t\t<span class=\"elementor-button-content-wrapper\">\n\t\t\t\t\t\t\t\t\t<span class=\"elementor-button-text\">VAI ALLO SHOP<\/span>\n\t\t\t\t\t<\/span>\n\t\t\t\t\t<\/a>\n\t\t\t\t\t\t\t\t<\/div>\n\t\t\t\t<\/div>\n\t\t\t\t<\/div>\n\t\t\t\t\t<\/div>\n\t\t\t\t<\/div>\n\t\t\t\t<\/div>\n\t\t","protected":false},"excerpt":{"rendered":"<p>TERRITORIO E MATERIE PRIME L\u00e0 dove il mare incontra la terra e la terra si fa dolcezza In Sicilia la natura non \u00e8 solo paesaggio, \u00e8 identit\u00e0. Qui convivono ambienti che altrove si trovano a migliaia di chilometri di distanza: terre vulcaniche ricche di energia, coste modellate dal vento, altopiani silenziosi, campagne luminose e distese [&hellip;]<\/p>\n","protected":false},"author":1,"featured_media":0,"parent":0,"menu_order":0,"comment_status":"closed","ping_status":"closed","template":"elementor_header_footer","meta":{"footnotes":""},"class_list":["post-144","page","type-page","status-publish","hentry"],"_links":{"self":[{"href":"https:\/\/www.mammaandrea.com\/it\/wp-json\/wp\/v2\/pages\/144","targetHints":{"allow":["GET"]}}],"collection":[{"href":"https:\/\/www.mammaandrea.com\/it\/wp-json\/wp\/v2\/pages"}],"about":[{"href":"https:\/\/www.mammaandrea.com\/it\/wp-json\/wp\/v2\/types\/page"}],"author":[{"embeddable":true,"href":"https:\/\/www.mammaandrea.com\/it\/wp-json\/wp\/v2\/users\/1"}],"replies":[{"embeddable":true,"href":"https:\/\/www.mammaandrea.com\/it\/wp-json\/wp\/v2\/comments?post=144"}],"version-history":[{"count":76,"href":"https:\/\/www.mammaandrea.com\/it\/wp-json\/wp\/v2\/pages\/144\/revisions"}],"predecessor-version":[{"id":452,"href":"https:\/\/www.mammaandrea.com\/it\/wp-json\/wp\/v2\/pages\/144\/revisions\/452"}],"wp:attachment":[{"href":"https:\/\/www.mammaandrea.com\/it\/wp-json\/wp\/v2\/media?parent=144"}],"curies":[{"name":"wp","href":"https:\/\/api.w.org\/{rel}","templated":true}]}}