{"id":223,"date":"2026-02-10T12:17:08","date_gmt":"2026-02-10T12:17:08","guid":{"rendered":"https:\/\/peccatuccidimammaand5129.live-website.com\/?page_id=223"},"modified":"2026-03-06T15:10:34","modified_gmt":"2026-03-06T15:10:34","slug":"sostenibilita","status":"publish","type":"page","link":"https:\/\/www.mammaandrea.com\/en\/sostenibilita\/","title":{"rendered":"Sustainability"},"content":{"rendered":"<div data-elementor-type=\"wp-post\" data-elementor-id=\"223\" class=\"elementor elementor-223\" data-elementor-post-type=\"page\">\n\t\t\t\t<div class=\"elementor-element elementor-element-f1fa1e2 e-flex e-con-boxed e-con e-parent\" data-id=\"f1fa1e2\" data-element_type=\"container\" data-e-type=\"container\" data-settings=\"{&quot;background_background&quot;:&quot;classic&quot;}\">\n\t\t\t\t\t<div class=\"e-con-inner\">\n\t\t<div class=\"elementor-element elementor-element-b26f6f4 e-con-full e-flex e-con e-child\" data-id=\"b26f6f4\" data-element_type=\"container\" data-e-type=\"container\" data-settings=\"{&quot;background_background&quot;:&quot;classic&quot;}\">\n\t\t<div class=\"elementor-element elementor-element-938c57c e-con-full e-flex e-con e-child\" data-id=\"938c57c\" data-element_type=\"container\" data-e-type=\"container\">\n\t\t\t\t<div class=\"elementor-element elementor-element-217d3c6 elementor-widget__width-initial elementor-widget elementor-widget-heading\" data-id=\"217d3c6\" data-element_type=\"widget\" data-e-type=\"widget\" data-widget_type=\"heading.default\">\n\t\t\t\t\t<h2 class=\"elementor-heading-title elementor-size-default\">SUSTAINABILITY<\/h2>\t\t\t\t<\/div>\n\t\t\t\t<\/div>\n\t\t\t\t<\/div>\n\t\t\t\t\t<\/div>\n\t\t\t\t<\/div>\n\t\t<div class=\"elementor-element elementor-element-6bb90d5 e-flex e-con-boxed e-con e-parent\" data-id=\"6bb90d5\" data-element_type=\"container\" data-e-type=\"container\" data-settings=\"{&quot;background_background&quot;:&quot;classic&quot;}\">\n\t\t\t\t\t<div class=\"e-con-inner\">\n\t\t<div class=\"elementor-element elementor-element-be3f730 e-con-full e-flex e-con e-child\" data-id=\"be3f730\" data-element_type=\"container\" data-e-type=\"container\">\n\t\t\t\t<div class=\"elementor-element elementor-element-dd68cac elementor-widget__width-initial elementor-widget elementor-widget-heading\" data-id=\"dd68cac\" data-element_type=\"widget\" data-e-type=\"widget\" data-widget_type=\"heading.default\">\n\t\t\t\t\t<h2 class=\"elementor-heading-title elementor-size-default\">Our idea of sustainability\n<\/h2>\t\t\t\t<\/div>\n\t\t\t\t<\/div>\n\t\t<div class=\"elementor-element elementor-element-e3cef52 e-con-full e-flex e-con e-child\" data-id=\"e3cef52\" data-element_type=\"container\" data-e-type=\"container\">\n\t\t\t\t<div class=\"elementor-element elementor-element-41355d3 elementor-widget__width-initial elementor-widget elementor-widget-heading\" data-id=\"41355d3\" data-element_type=\"widget\" data-e-type=\"widget\" data-widget_type=\"heading.default\">\n\t\t\t\t\t<h2 class=\"elementor-heading-title elementor-size-default\">For Peccatucci di Mamma Andrea, sustainability is not a trend, but a way of living and creating.\n<br><br>It is respect for the land that nourishes us, for the people who work it, for the beauty we wish to leave intact.\n<br><br>Every day we choose to produce with care, ethics and awareness, giving back a little of the magic that Sicily gives us.\n<br><br>\u201cAuthentic sweetness is that which leaves no trace except in the heart.\u201d\n<br><br>Founded in 1989, Mamma Andrea is an artisan company that combines quality, aesthetics and responsibility, producing sweets and preserves that taste of Sicily and the future.\n<\/h2>\t\t\t\t<\/div>\n\t\t\t\t<\/div>\n\t\t\t\t\t<\/div>\n\t\t\t\t<\/div>\n\t\t<div class=\"elementor-element elementor-element-7020f19 e-con-full e-flex e-con e-parent\" data-id=\"7020f19\" data-element_type=\"container\" data-e-type=\"container\" data-settings=\"{&quot;background_background&quot;:&quot;classic&quot;}\">\n\t\t<div class=\"elementor-element elementor-element-a275675 e-con-full e-flex e-con e-child\" data-id=\"a275675\" data-element_type=\"container\" data-e-type=\"container\" data-settings=\"{&quot;background_background&quot;:&quot;classic&quot;}\">\n\t\t\t\t<div class=\"elementor-element elementor-element-bcd420e elementor-widget elementor-widget-image\" data-id=\"bcd420e\" data-element_type=\"widget\" data-e-type=\"widget\" data-widget_type=\"image.default\">\n\t\t\t\t\t\t\t\t\t\t\t\t\t\t\t<img fetchpriority=\"high\" decoding=\"async\" width=\"2048\" height=\"1366\" src=\"https:\/\/www.mammaandrea.com\/wp-content\/uploads\/2026\/02\/materie-prime.jpg\" class=\"attachment-2048x2048 size-2048x2048 wp-image-314\" alt=\"\" srcset=\"https:\/\/www.mammaandrea.com\/wp-content\/uploads\/2026\/02\/materie-prime.jpg 2048w, https:\/\/www.mammaandrea.com\/wp-content\/uploads\/2026\/02\/materie-prime-300x200.jpg 300w, https:\/\/www.mammaandrea.com\/wp-content\/uploads\/2026\/02\/materie-prime-1024x683.jpg 1024w, https:\/\/www.mammaandrea.com\/wp-content\/uploads\/2026\/02\/materie-prime-768x512.jpg 768w, https:\/\/www.mammaandrea.com\/wp-content\/uploads\/2026\/02\/materie-prime-1536x1025.jpg 1536w\" sizes=\"(max-width: 2048px) 100vw, 2048px\" \/>\t\t\t\t\t\t\t\t\t\t\t\t\t\t\t<\/div>\n\t\t\t\t<\/div>\n\t\t<div class=\"elementor-element elementor-element-3df198c e-flex e-con-boxed e-con e-child\" data-id=\"3df198c\" data-element_type=\"container\" data-e-type=\"container\">\n\t\t\t\t\t<div class=\"e-con-inner\">\n\t\t\t\t<div class=\"elementor-element elementor-element-9fa41ec elementor-widget__width-initial elementor-widget elementor-widget-heading\" data-id=\"9fa41ec\" data-element_type=\"widget\" data-e-type=\"widget\" data-widget_type=\"heading.default\">\n\t\t\t\t\t<h2 class=\"elementor-heading-title elementor-size-default\">Raw Materials<\/h2>\t\t\t\t<\/div>\n\t\t\t\t<div class=\"elementor-element elementor-element-e32578f elementor-widget-divider--view-line elementor-widget elementor-widget-divider\" data-id=\"e32578f\" data-element_type=\"widget\" data-e-type=\"widget\" data-widget_type=\"divider.default\">\n\t\t\t\t\t\t\t<div class=\"elementor-divider\">\n\t\t\t<span class=\"elementor-divider-separator\">\n\t\t\t\t\t\t<\/span>\n\t\t<\/div>\n\t\t\t\t\t\t<\/div>\n\t\t\t\t<div class=\"elementor-element elementor-element-61e5ed3 elementor-widget__width-initial elementor-widget elementor-widget-heading\" data-id=\"61e5ed3\" data-element_type=\"widget\" data-e-type=\"widget\" data-widget_type=\"heading.default\">\n\t\t\t\t\t<h2 class=\"elementor-heading-title elementor-size-default\">Goodness born close by<\/h2>\t\t\t\t<\/div>\n\t\t\t\t<div class=\"elementor-element elementor-element-47e8d86 elementor-widget__width-initial elementor-widget elementor-widget-heading\" data-id=\"47e8d86\" data-element_type=\"widget\" data-e-type=\"widget\" data-widget_type=\"heading.default\">\n\t\t\t\t\t<h2 class=\"elementor-heading-title elementor-size-default\">We believe that sustainability starts with what we choose to put in our hands.\nThat is why more than 80% of our raw materials come from small Sicilian producers: almonds, pistachios, citrus fruits, honey, spices and oils that tell of the island in all its richness.\nEach ingredient is selected according to criteria of traceability, transparency and freshness: we process the products within a few hours of harvesting to preserve their aroma and genuineness.\nIt is a way to enhance the territory, but also to reduce the environmental impact and create value where everything is born - in Sicily.\n<\/h2>\t\t\t\t<\/div>\n\t\t\t\t\t<\/div>\n\t\t\t\t<\/div>\n\t\t\t\t<\/div>\n\t\t<div class=\"elementor-element elementor-element-d1c1fac e-con-full e-flex e-con e-parent\" data-id=\"d1c1fac\" data-element_type=\"container\" data-e-type=\"container\" data-settings=\"{&quot;background_background&quot;:&quot;classic&quot;}\">\n\t\t<div class=\"elementor-element elementor-element-94377f2 e-con-full e-flex e-con e-child\" data-id=\"94377f2\" data-element_type=\"container\" data-e-type=\"container\">\n\t\t\t\t<div class=\"elementor-element elementor-element-71ed1bc elementor-widget__width-initial elementor-widget elementor-widget-heading\" data-id=\"71ed1bc\" data-element_type=\"widget\" data-e-type=\"widget\" data-widget_type=\"heading.default\">\n\t\t\t\t\t<h2 class=\"elementor-heading-title elementor-size-default\">SHARING<\/h2>\t\t\t\t<\/div>\n\t\t\t\t<div class=\"elementor-element elementor-element-dd2455d elementor-widget-divider--view-line elementor-widget elementor-widget-divider\" data-id=\"dd2455d\" data-element_type=\"widget\" data-e-type=\"widget\" data-widget_type=\"divider.default\">\n\t\t\t\t\t\t\t<div class=\"elementor-divider\">\n\t\t\t<span class=\"elementor-divider-separator\">\n\t\t\t\t\t\t<\/span>\n\t\t<\/div>\n\t\t\t\t\t\t<\/div>\n\t\t\t\t<div class=\"elementor-element elementor-element-88c5d80 elementor-widget__width-initial elementor-widget elementor-widget-heading\" data-id=\"88c5d80\" data-element_type=\"widget\" data-e-type=\"widget\" data-widget_type=\"heading.default\">\n\t\t\t\t\t<h2 class=\"elementor-heading-title elementor-size-default\">a supply chain that grows together<\/h2>\t\t\t\t<\/div>\n\t\t\t\t<div class=\"elementor-element elementor-element-63cd653 elementor-widget__width-initial elementor-widget elementor-widget-text-editor\" data-id=\"63cd653\" data-element_type=\"widget\" data-e-type=\"widget\" data-widget_type=\"text-editor.default\">\n\t\t\t\t\t\t\t\t\t<p><span style=\"font-weight: 400;\">Behind each <\/span><i><span style=\"font-weight: 400;\">Pity<\/span><\/i><span style=\"font-weight: 400;\"> there is a network of <\/span><b>people, relationships and trust<\/b><span style=\"font-weight: 400;\">.<\/span><\/p><p><span style=\"font-weight: 400;\">We work with local suppliers who share our values: respect for the earth, quality, ethics and transparency.<\/span><\/p><p><span style=\"font-weight: 400;\">These are lasting partnerships, built over time, which allow us to guarantee <\/span><b>traceability, continuity and consistent quality.<\/b><\/p><p><span style=\"font-weight: 400;\">Choosing local also means promoting a sustainable and circular economy, where the welfare of the community becomes an integral part of the final product.<\/span><\/p>\t\t\t\t\t\t\t\t<\/div>\n\t\t\t\t<\/div>\n\t\t\t\t<\/div>\n\t\t<div class=\"elementor-element elementor-element-7eae312 e-con-full e-flex e-con e-parent\" data-id=\"7eae312\" data-element_type=\"container\" data-e-type=\"container\" data-settings=\"{&quot;background_background&quot;:&quot;classic&quot;}\">\n\t\t<div class=\"elementor-element elementor-element-62e1cd9 e-con-full e-flex e-con e-child\" data-id=\"62e1cd9\" data-element_type=\"container\" data-e-type=\"container\" data-settings=\"{&quot;background_background&quot;:&quot;classic&quot;}\">\n\t\t\t\t<div class=\"elementor-element elementor-element-0a83b33 elementor-pagination-position-outside elementor-widget elementor-widget-image-carousel\" data-id=\"0a83b33\" data-element_type=\"widget\" data-e-type=\"widget\" data-settings=\"{&quot;slides_to_show&quot;:&quot;1&quot;,&quot;navigation&quot;:&quot;dots&quot;,&quot;lazyload&quot;:&quot;yes&quot;,&quot;autoplay&quot;:&quot;yes&quot;,&quot;pause_on_hover&quot;:&quot;yes&quot;,&quot;pause_on_interaction&quot;:&quot;yes&quot;,&quot;autoplay_speed&quot;:5000,&quot;infinite&quot;:&quot;yes&quot;,&quot;effect&quot;:&quot;slide&quot;,&quot;speed&quot;:500}\" data-widget_type=\"image-carousel.default\">\n\t\t\t\t\t\t\t<div class=\"elementor-image-carousel-wrapper swiper\" role=\"region\" aria-roledescription=\"carousel\" aria-label=\"Image Carousel\" dir=\"ltr\">\n\t\t\t<div class=\"elementor-image-carousel swiper-wrapper swiper-image-stretch\" aria-live=\"off\">\n\t\t\t\t\t\t\t\t<div class=\"swiper-slide\" role=\"group\" aria-roledescription=\"slide\" aria-label=\"1 of 6\" data-no-translation-aria-label=\"\"><figure class=\"swiper-slide-inner\"><img class=\"swiper-slide-image swiper-lazy\" data-src=\"https:\/\/www.mammaandrea.com\/wp-content\/uploads\/elementor\/thumbs\/pack6-rk45bme7d53qz1cazys770yiwrk0g9i2b7wqco5pjc.jpg\" alt=\"pack6\" \/><div class=\"swiper-lazy-preloader\"><\/div><\/figure><\/div><div class=\"swiper-slide\" role=\"group\" aria-roledescription=\"slide\" aria-label=\"2 of 6\" data-no-translation-aria-label=\"\"><figure class=\"swiper-slide-inner\"><img class=\"swiper-slide-image swiper-lazy\" data-src=\"https:\/\/www.mammaandrea.com\/wp-content\/uploads\/elementor\/thumbs\/pack5-rk45blgd6b2gnfdo5gdkmj72bdon8kebz398ve73pk.jpg\" alt=\"pack5\" \/><div class=\"swiper-lazy-preloader\"><\/div><\/figure><\/div><div class=\"swiper-slide\" role=\"group\" aria-roledescription=\"slide\" aria-label=\"3 of 6\" data-no-translation-aria-label=\"\"><figure class=\"swiper-slide-inner\"><img class=\"swiper-slide-image swiper-lazy\" data-src=\"https:\/\/www.mammaandrea.com\/wp-content\/uploads\/elementor\/thumbs\/pack4-rk45bkiizh16btf1axyy21flpzta0valmylre48hvs.jpg\" alt=\"pack4\" \/><div class=\"swiper-lazy-preloader\"><\/div><\/figure><\/div><div class=\"swiper-slide\" role=\"group\" aria-roledescription=\"slide\" aria-label=\"4 of 6\" data-no-translation-aria-label=\"\"><figure class=\"swiper-slide-inner\"><img class=\"swiper-slide-image swiper-lazy\" data-src=\"https:\/\/www.mammaandrea.com\/wp-content\/uploads\/elementor\/thumbs\/pack3-rk45bkiizh16btf1axyy21flpzta0valmylre48hvs.jpg\" alt=\"pack3\" \/><div class=\"swiper-lazy-preloader\"><\/div><\/figure><\/div><div class=\"swiper-slide\" role=\"group\" aria-roledescription=\"slide\" aria-label=\"5 of 6\" data-no-translation-aria-label=\"\"><figure class=\"swiper-slide-inner\"><img class=\"swiper-slide-image swiper-lazy\" data-src=\"https:\/\/www.mammaandrea.com\/wp-content\/uploads\/elementor\/thumbs\/pack2-rk45bimulsylolhrlx5ox1woj82jlh34ypasfkba88.jpg\" alt=\"pack2\" \/><div class=\"swiper-lazy-preloader\"><\/div><\/figure><\/div><div class=\"swiper-slide\" role=\"group\" aria-roledescription=\"slide\" aria-label=\"6 of 6\" data-no-translation-aria-label=\"\"><figure class=\"swiper-slide-inner\"><img class=\"swiper-slide-image swiper-lazy\" data-src=\"https:\/\/www.mammaandrea.com\/wp-content\/uploads\/elementor\/thumbs\/pack1-rk45bhp0eyxbczj4rer2ck57xu76drzemknayacoeg.jpg\" alt=\"pack1\" \/><div class=\"swiper-lazy-preloader\"><\/div><\/figure><\/div>\t\t\t<\/div>\n\t\t\t\t\t\t\t\n\t\t\t\t\t\t\t\t\t<div class=\"swiper-pagination\"><\/div>\n\t\t\t\t\t\t\t\t\t<\/div>\n\t\t\t\t\t\t<\/div>\n\t\t\t\t<\/div>\n\t\t<div class=\"elementor-element elementor-element-03568c4 e-flex e-con-boxed e-con e-child\" data-id=\"03568c4\" data-element_type=\"container\" data-e-type=\"container\">\n\t\t\t\t\t<div class=\"e-con-inner\">\n\t\t\t\t<div class=\"elementor-element elementor-element-d1c6db6 elementor-widget__width-initial elementor-widget elementor-widget-heading\" data-id=\"d1c6db6\" data-element_type=\"widget\" data-e-type=\"widget\" data-widget_type=\"heading.default\">\n\t\t\t\t\t<h2 class=\"elementor-heading-title elementor-size-default\">Packaging<\/h2>\t\t\t\t<\/div>\n\t\t\t\t<div class=\"elementor-element elementor-element-d3f003f elementor-widget-divider--view-line elementor-widget elementor-widget-divider\" data-id=\"d3f003f\" data-element_type=\"widget\" data-e-type=\"widget\" data-widget_type=\"divider.default\">\n\t\t\t\t\t\t\t<div class=\"elementor-divider\">\n\t\t\t<span class=\"elementor-divider-separator\">\n\t\t\t\t\t\t<\/span>\n\t\t<\/div>\n\t\t\t\t\t\t<\/div>\n\t\t\t\t<div class=\"elementor-element elementor-element-ad72635 elementor-widget__width-initial elementor-widget elementor-widget-heading\" data-id=\"ad72635\" data-element_type=\"widget\" data-e-type=\"widget\" data-widget_type=\"heading.default\">\n\t\t\t\t\t<h2 class=\"elementor-heading-title elementor-size-default\">beauty that is not wasted<\/h2>\t\t\t\t<\/div>\n\t\t\t\t<div class=\"elementor-element elementor-element-785f5ec elementor-widget__width-initial elementor-widget elementor-widget-heading\" data-id=\"785f5ec\" data-element_type=\"widget\" data-e-type=\"widget\" data-widget_type=\"heading.default\">\n\t\t\t\t\t<h2 class=\"elementor-heading-title elementor-size-default\">Our packaging also tells a story of responsibility and love for beauty.\nIt is handmade, with <b>recyclable materials<\/b>, reusable and durable.\nEach box is designed to be stored, transformed and cherished over time.\nWe choose handcrafted fine papers and <b>we reduce the use of plastic<\/b>, promoting a\u2019<b>sustainable aesthetics<\/b> that combines design, ethics and functionality.\nThus, each package becomes a small objet d'art that lives on even after we have stored our products.\n<\/h2>\t\t\t\t<\/div>\n\t\t\t\t\t<\/div>\n\t\t\t\t<\/div>\n\t\t\t\t<\/div>\n\t\t<div class=\"elementor-element elementor-element-b07f596 e-flex e-con-boxed e-con e-parent\" data-id=\"b07f596\" data-element_type=\"container\" data-e-type=\"container\" data-settings=\"{&quot;background_background&quot;:&quot;classic&quot;}\">\n\t\t\t\t\t<div class=\"e-con-inner\">\n\t\t<div class=\"elementor-element elementor-element-6cc99b7 e-con-full e-flex e-con e-child\" data-id=\"6cc99b7\" data-element_type=\"container\" data-e-type=\"container\" data-settings=\"{&quot;background_background&quot;:&quot;classic&quot;}\">\n\t\t<div class=\"elementor-element elementor-element-38b8178 e-con-full e-flex e-con e-child\" data-id=\"38b8178\" data-element_type=\"container\" data-e-type=\"container\">\n\t\t\t\t<div class=\"elementor-element elementor-element-9da765c elementor-widget elementor-widget-heading\" data-id=\"9da765c\" data-element_type=\"widget\" data-e-type=\"widget\" data-widget_type=\"heading.default\">\n\t\t\t\t\t<h2 class=\"elementor-heading-title elementor-size-default\">the journey<\/h2>\t\t\t\t<\/div>\n\t\t\t\t<div class=\"elementor-element elementor-element-7116d5e elementor-widget__width-initial elementor-widget elementor-widget-heading\" data-id=\"7116d5e\" data-element_type=\"widget\" data-e-type=\"widget\" data-widget_type=\"heading.default\">\n\t\t\t\t\t<h2 class=\"elementor-heading-title elementor-size-default\">We were born and raised in Sicily, and here we want to stay.\nWe produce the <b>100% of our products on the island<\/b>, using local ingredients and supporting the artisanal supply chain that represents us.\nOur sustainable development is a <b>journey<\/b>, not an achievement: made up of daily choices, true relationships, respect for the land and those who inhabit it.\nWe believe that excellence only comes from a <b>balance<\/b> between <b>nature<\/b>, <b>tradition<\/b> e <b>conscious innovation<\/b>.\n\u201cSustainable beauty is that which nourishes, not that which consumes.\u201d<\/h2>\t\t\t\t<\/div>\n\t\t\t\t<\/div>\n\t\t\t\t<\/div>\n\t\t\t\t\t<\/div>\n\t\t\t\t<\/div>\n\t\t<div class=\"elementor-element elementor-element-cf34c7d e-flex e-con-boxed e-con e-parent\" data-id=\"cf34c7d\" data-element_type=\"container\" data-e-type=\"container\" data-settings=\"{&quot;background_background&quot;:&quot;classic&quot;}\">\n\t\t\t\t\t<div class=\"e-con-inner\">\n\t\t<div class=\"elementor-element elementor-element-c0e68d1 e-con-full e-flex e-con e-child\" data-id=\"c0e68d1\" data-element_type=\"container\" data-e-type=\"container\" data-settings=\"{&quot;background_background&quot;:&quot;classic&quot;}\">\n\t\t<div class=\"elementor-element elementor-element-b6966dc e-con-full e-flex e-con e-child\" data-id=\"b6966dc\" data-element_type=\"container\" data-e-type=\"container\">\n\t\t\t\t<div class=\"elementor-element elementor-element-51b023e elementor-widget elementor-widget-image\" data-id=\"51b023e\" data-element_type=\"widget\" data-e-type=\"widget\" data-widget_type=\"image.default\">\n\t\t\t\t\t\t\t\t\t\t\t\t\t\t\t<img decoding=\"async\" width=\"787\" height=\"329\" src=\"https:\/\/www.mammaandrea.com\/wp-content\/uploads\/2026\/01\/Logo-Peccatucci-di-Mamma-Andrea.svg\" class=\"attachment-large size-large wp-image-27\" alt=\"\" \/>\t\t\t\t\t\t\t\t\t\t\t\t\t\t\t<\/div>\n\t\t\t\t<div class=\"elementor-element elementor-element-ff5ef7b elementor-widget elementor-widget-heading\" data-id=\"ff5ef7b\" data-element_type=\"widget\" data-e-type=\"widget\" data-widget_type=\"heading.default\">\n\t\t\t\t\t<h2 class=\"elementor-heading-title elementor-size-default\">BUY ONLINE<\/h2>\t\t\t\t<\/div>\n\t\t\t\t<div class=\"elementor-element elementor-element-d28ad4b elementor-align-center elementor-widget elementor-widget-button\" data-id=\"d28ad4b\" data-element_type=\"widget\" data-e-type=\"widget\" data-widget_type=\"button.default\">\n\t\t\t\t\t\t\t\t\t\t<a class=\"elementor-button elementor-button-link elementor-size-sm\" href=\"https:\/\/shop.mammaandrea.com\/\" target=\"_blank\">\n\t\t\t\t\t\t<span class=\"elementor-button-content-wrapper\">\n\t\t\t\t\t\t\t\t\t<span class=\"elementor-button-text\">GO TO SHOP<\/span>\n\t\t\t\t\t<\/span>\n\t\t\t\t\t<\/a>\n\t\t\t\t\t\t\t\t<\/div>\n\t\t\t\t<\/div>\n\t\t\t\t<\/div>\n\t\t\t\t\t<\/div>\n\t\t\t\t<\/div>\n\t\t\t\t<\/div>","protected":false},"excerpt":{"rendered":"<p>SOSTENIBILIT\u00c0 La nostra idea di sostenibilit\u00e0 Per Peccatucci di Mamma Andrea, la sostenibilit\u00e0 non \u00e8 una tendenza, ma un modo di vivere e creare. \u00c8 il rispetto per la terra che ci nutre, per le persone che la lavorano, per la bellezza che desideriamo lasciare intatta. Ogni giorno scegliamo di produrre con cura, etica e [&hellip;]<\/p>\n","protected":false},"author":1,"featured_media":0,"parent":0,"menu_order":0,"comment_status":"closed","ping_status":"closed","template":"elementor_header_footer","meta":{"footnotes":""},"class_list":["post-223","page","type-page","status-publish","hentry"],"_links":{"self":[{"href":"https:\/\/www.mammaandrea.com\/en\/wp-json\/wp\/v2\/pages\/223","targetHints":{"allow":["GET"]}}],"collection":[{"href":"https:\/\/www.mammaandrea.com\/en\/wp-json\/wp\/v2\/pages"}],"about":[{"href":"https:\/\/www.mammaandrea.com\/en\/wp-json\/wp\/v2\/types\/page"}],"author":[{"embeddable":true,"href":"https:\/\/www.mammaandrea.com\/en\/wp-json\/wp\/v2\/users\/1"}],"replies":[{"embeddable":true,"href":"https:\/\/www.mammaandrea.com\/en\/wp-json\/wp\/v2\/comments?post=223"}],"version-history":[{"count":25,"href":"https:\/\/www.mammaandrea.com\/en\/wp-json\/wp\/v2\/pages\/223\/revisions"}],"predecessor-version":[{"id":461,"href":"https:\/\/www.mammaandrea.com\/en\/wp-json\/wp\/v2\/pages\/223\/revisions\/461"}],"wp:attachment":[{"href":"https:\/\/www.mammaandrea.com\/en\/wp-json\/wp\/v2\/media?parent=223"}],"curies":[{"name":"wp","href":"https:\/\/api.w.org\/{rel}","templated":true}]}}